{"id":236432,"date":"2020-06-03T00:54:15","date_gmt":"2020-06-02T22:54:15","guid":{"rendered":"https:\/\/pigres-lsp.net\/?page_id=236432"},"modified":"2022-05-04T13:06:39","modified_gmt":"2022-05-04T11:06:39","slug":"work-with-us","status":"publish","type":"page","link":"https:\/\/pigres-lsp.net\/de\/work-with-us\/","title":{"rendered":"Jobangebote"},"content":{"rendered":"<p>[et_pb_section fb_built=&#8221;1&#8243; _builder_version=&#8221;4.16&#8243; locked=&#8221;off&#8221; global_colors_info=&#8221;{}&#8221;][et_pb_row column_structure=&#8221;2_5,3_5&#8243; _builder_version=&#8221;4.16&#8243; use_custom_width=&#8221;on&#8221; custom_width_px=&#8221;1440px&#8221; global_colors_info=&#8221;{}&#8221;][et_pb_column type=&#8221;2_5&#8243; _builder_version=&#8221;4.16&#8243; global_colors_info=&#8221;{}&#8221; custom_padding__hover=&#8221;|||&#8221;][et_pb_image src=&#8221;@ET-DC@eyJkeW5hbWljIjp0cnVlLCJjb250ZW50IjoicG9zdF9mZWF0dXJlZF9pbWFnZSIsInNldHRpbmdzIjp7fX0=@&#8221; align=&#8221;right&#8221; force_fullwidth=&#8221;on&#8221; align_tablet=&#8221;center&#8221; align_phone=&#8221;&#8221; align_last_edited=&#8221;on|desktop&#8221; _builder_version=&#8221;4.16&#8243; _dynamic_attributes=&#8221;src&#8221; custom_margin=&#8221;||-10%|&#8221; animation_style=&#8221;roll&#8221; animation_direction=&#8221;left&#8221; animation_intensity_roll=&#8221;4%&#8221; global_colors_info=&#8221;{}&#8221;][\/et_pb_image][\/et_pb_column][et_pb_column type=&#8221;3_5&#8243; _builder_version=&#8221;4.16&#8243; global_colors_info=&#8221;{}&#8221; custom_padding__hover=&#8221;|||&#8221;][et_pb_button button_url=&#8221;https:\/\/pigres-lsp.net\/my-account\/?p=supplier&#8221; button_text=&#8221;Als Dienstleistungsanbieter registrieren&#8221; disabled_on=&#8221;off|off|off&#8221; admin_label=&#8221;Register Button&#8221; _builder_version=&#8221;4.17.3&#8243; _module_preset=&#8221;a3084ebc-aacf-4222-a85e-bddae9a9604b&#8221; button_text_size=&#8221;0.8em&#8221; hover_enabled=&#8221;0&#8243; custom_css_main_element=&#8221;min-width: 170px;&#8221; button_text_color_hover=&#8221;#7a69e6&#8243; button_letter_spacing_hover=&#8221;8px&#8221; locked=&#8221;off&#8221; global_colors_info=&#8221;{}&#8221; button_text_size__hover_enabled=&#8221;off&#8221; button_one_text_size__hover_enabled=&#8221;off&#8221; button_two_text_size__hover_enabled=&#8221;off&#8221; button_text_color__hover_enabled=&#8221;off&#8221; button_text_color__hover=&#8221;#7a69e6&#8243; button_one_text_color__hover_enabled=&#8221;off&#8221; button_two_text_color__hover_enabled=&#8221;off&#8221; button_border_width__hover_enabled=&#8221;off&#8221; button_one_border_width__hover_enabled=&#8221;off&#8221; button_two_border_width__hover_enabled=&#8221;off&#8221; button_border_color__hover_enabled=&#8221;on|desktop&#8221; button_one_border_color__hover_enabled=&#8221;off&#8221; button_two_border_color__hover_enabled=&#8221;off&#8221; button_one_border_radius__hover_enabled=&#8221;off&#8221; button_two_border_radius__hover_enabled=&#8221;off&#8221; button_letter_spacing__hover_enabled=&#8221;on|hover&#8221; button_one_letter_spacing__hover_enabled=&#8221;off&#8221; button_two_letter_spacing__hover_enabled=&#8221;off&#8221; button_one_bg_color__hover_enabled=&#8221;off&#8221; button_two_bg_color__hover_enabled=&#8221;off&#8221; button_border_color__hover=&#8221;rgba(0,0,0,0)&#8221; button_letter_spacing__hover=&#8221;&#8221; button_bg_color__hover_enabled=&#8221;on|hover&#8221; sticky_enabled=&#8221;0&#8243;][\/et_pb_button][et_pb_text _builder_version=&#8221;4.16&#8243; text_font=&#8221;||||||||&#8221; text_line_height=&#8221;2em&#8221; ul_font=&#8221;||||||||&#8221; header_2_font=&#8221;Roboto|700|||||||&#8221; header_2_font_size=&#8221;45px&#8221; header_2_line_height=&#8221;1.2em&#8221; header_3_font=&#8221;||||||||&#8221; max_width=&#8221;800px&#8221; max_width_last_edited=&#8221;off|desktop&#8221; module_alignment=&#8221;center&#8221; custom_margin=&#8221;|||&#8221; custom_padding=&#8221;|||&#8221; global_colors_info=&#8221;{}&#8221;]<a title=\"PIGRES LSP\" href=\"https:\/\/www.pigres-lsp.net\/\">PIGRES LSP<\/a> sucht <strong>freiberufliche \u00dcbersetzer<\/strong> und <strong>Dolmetscher<\/strong>, die an orientalischen Universit\u00e4t Fremdsprachen studiert oder einen Hochschulabschluss in einer orientalischen Sprache haben sowie mindestens f\u00fcnf Jahre Berufserfahrung als \u00dcbersetzer haben. Wir interessieren uns auch mit \u00dcbersetzungsagenturen zusammenzuarbeiten.<\/p>\n<p><strong>Bewerben k\u00f6nnen sich auch Grafik-Experten<\/strong> mit Kenntnissen der wichtigsten Graphikprogramme wie Photoshop, Indesign, Illustrator, QuarkXpress zur Herstellung von Brosch\u00fcren, Layout der Handb\u00fccher und Kataloge, Logos, usw.<\/p>\n<p>Falls Sie die oben angegebenen Anforderungen erf\u00fcllen, registrieren Sie sich bitte in unserem Bewerbungsportal, indem Sie auf den gr\u00fcnen Button klicken.<br \/>\nUm Ihnen einen hervorragenden Service bieten zu k\u00f6nnen, ben\u00f6tigen wir so viele Daten wie m\u00f6glich \u00fcber Ihre Erfahrungen, Qualifikationen und F\u00e4higkeiten. Daher ist das korrekte und vollst\u00e4ndige Ausf\u00fcllen des Anmeldeformulars sehr wichtig!<\/p>\n<p>Die Auswahl der Mitarbeiter erfolgt nach einer genauen \u00dcberpr\u00fcfung der Qualifikation des \u00dcbersetzers.<\/p>\n<p>Die Mitarbeiterdaten werden in eine Datenbank eingegeben werden. Die neuen Mitarbeiter werden ggf. wegen Details der Zusammenarbeit kontaktiert werden.[\/et_pb_text][\/et_pb_column][\/et_pb_row][\/et_pb_section]<\/p>\n","protected":false},"excerpt":{"rendered":"<p>PIGRES LSP sucht freiberufliche \u00dcbersetzer und Dolmetscher, die an orientalischen Universit\u00e4t Fremdsprachen studiert oder einen Hochschulabschluss in einer orientalischen Sprache haben sowie mindestens f\u00fcnf Jahre Berufserfahrung als \u00dcbersetzer haben. Wir interessieren uns auch mit \u00dcbersetzungsagenturen zusammenzuarbeiten. Bewerben k\u00f6nnen sich auch Grafik-Experten mit Kenntnissen der wichtigsten Graphikprogramme wie Photoshop, Indesign, Illustrator, QuarkXpress zur Herstellung von Brosch\u00fcren, Layout der Handb\u00fccher und Kataloge, Logos, usw. Falls Sie die oben angegebenen Anforderungen erf\u00fcllen, registrieren Sie sich bitte in unserem Bewerbungsportal, indem Sie auf den gr\u00fcnen Button klicken. Um Ihnen einen hervorragenden Service bieten zu k\u00f6nnen, ben\u00f6tigen wir so viele Daten wie m\u00f6glich \u00fcber Ihre Erfahrungen, Qualifikationen und F\u00e4higkeiten. Daher ist das korrekte und vollst\u00e4ndige Ausf\u00fcllen des Anmeldeformulars sehr wichtig! Die Auswahl der Mitarbeiter erfolgt nach einer genauen \u00dcberpr\u00fcfung der Qualifikation des \u00dcbersetzers. Die Mitarbeiterdaten werden in eine Datenbank eingegeben werden. Die neuen Mitarbeiter werden ggf. wegen Details der Zusammenarbeit kontaktiert werden.<\/p>\n","protected":false},"author":1,"featured_media":213501,"parent":0,"menu_order":6,"comment_status":"closed","ping_status":"closed","template":"","meta":{"_et_pb_use_builder":"on","_et_pb_old_content":"","_et_gb_content_width":"","inline_featured_image":false,"footnotes":""},"class_list":["post-236432","page","type-page","status-publish","has-post-thumbnail","hentry"],"yoast_head":"<!-- This site is optimized with the Yoast SEO Premium plugin v27.4 (Yoast SEO v27.4) - https:\/\/yoast.com\/product\/yoast-seo-premium-wordpress\/ -->\n<title>Jobangebote - PIGRES LSP<\/title>\n<meta name=\"robots\" content=\"index, follow, max-snippet:-1, max-image-preview:large, max-video-preview:-1\" \/>\n<link rel=\"canonical\" href=\"https:\/\/pigres-lsp.net\/de\/work-with-us\/\" \/>\n<meta property=\"og:locale\" content=\"de_DE\" \/>\n<meta property=\"og:type\" content=\"article\" \/>\n<meta property=\"og:title\" content=\"Jobangebote - PIGRES LSP\" \/>\n<meta property=\"og:description\" content=\"PIGRES LSP sucht freiberufliche \u00dcbersetzer und Dolmetscher, die an orientalischen Universit\u00e4t Fremdsprachen studiert oder einen Hochschulabschluss in einer orientalischen Sprache haben sowie mindestens f\u00fcnf Jahre Berufserfahrung als \u00dcbersetzer haben. Wir interessieren uns auch mit \u00dcbersetzungsagenturen zusammenzuarbeiten. Bewerben k\u00f6nnen sich auch Grafik-Experten mit Kenntnissen der wichtigsten Graphikprogramme wie Photoshop, Indesign, Illustrator, QuarkXpress zur Herstellung von Brosch\u00fcren, Layout der Handb\u00fccher und Kataloge, Logos, usw. Falls Sie die oben angegebenen Anforderungen erf\u00fcllen, registrieren Sie sich bitte in unserem Bewerbungsportal, indem Sie auf den gr\u00fcnen Button klicken. Um Ihnen einen hervorragenden Service bieten zu k\u00f6nnen, ben\u00f6tigen wir so viele Daten wie m\u00f6glich \u00fcber Ihre Erfahrungen, Qualifikationen und F\u00e4higkeiten. Daher ist das korrekte und vollst\u00e4ndige Ausf\u00fcllen des Anmeldeformulars sehr wichtig! Die Auswahl der Mitarbeiter erfolgt nach einer genauen \u00dcberpr\u00fcfung der Qualifikation des \u00dcbersetzers. Die Mitarbeiterdaten werden in eine Datenbank eingegeben werden. Die neuen Mitarbeiter werden ggf. wegen Details der Zusammenarbeit kontaktiert werden.\" \/>\n<meta property=\"og:url\" content=\"https:\/\/pigres-lsp.net\/de\/work-with-us\/\" \/>\n<meta property=\"og:site_name\" content=\"PIGRES LSP\" \/>\n<meta property=\"article:modified_time\" content=\"2022-05-04T11:06:39+00:00\" \/>\n<meta property=\"og:image\" content=\"https:\/\/pigres-lsp.net\/wp-content\/uploads\/2019\/06\/collaboration.png\" \/>\n\t<meta property=\"og:image:width\" content=\"960\" \/>\n\t<meta property=\"og:image:height\" content=\"440\" \/>\n\t<meta property=\"og:image:type\" content=\"image\/png\" \/>\n<meta name=\"twitter:card\" content=\"summary_large_image\" \/>\n<meta name=\"twitter:label1\" content=\"Gesch\u00e4tzte Lesezeit\" \/>\n\t<meta name=\"twitter:data1\" content=\"3\u00a0Minuten\" \/>\n<script type=\"application\/ld+json\" class=\"yoast-schema-graph\">{\"@context\":\"https:\\\/\\\/schema.org\",\"@graph\":[{\"@type\":\"WebPage\",\"@id\":\"https:\\\/\\\/pigres-lsp.net\\\/de\\\/work-with-us\\\/\",\"url\":\"https:\\\/\\\/pigres-lsp.net\\\/de\\\/work-with-us\\\/\",\"name\":\"Jobangebote - PIGRES LSP\",\"isPartOf\":{\"@id\":\"https:\\\/\\\/pigres-lsp.net\\\/de\\\/#website\"},\"primaryImageOfPage\":{\"@id\":\"https:\\\/\\\/pigres-lsp.net\\\/de\\\/work-with-us\\\/#primaryimage\"},\"image\":{\"@id\":\"https:\\\/\\\/pigres-lsp.net\\\/de\\\/work-with-us\\\/#primaryimage\"},\"thumbnailUrl\":\"https:\\\/\\\/pigres-lsp.net\\\/wp-content\\\/uploads\\\/2019\\\/06\\\/collaboration.png\",\"datePublished\":\"2020-06-02T22:54:15+00:00\",\"dateModified\":\"2022-05-04T11:06:39+00:00\",\"breadcrumb\":{\"@id\":\"https:\\\/\\\/pigres-lsp.net\\\/de\\\/work-with-us\\\/#breadcrumb\"},\"inLanguage\":\"de\",\"potentialAction\":[{\"@type\":\"ReadAction\",\"target\":[\"https:\\\/\\\/pigres-lsp.net\\\/de\\\/work-with-us\\\/\"]}]},{\"@type\":\"ImageObject\",\"inLanguage\":\"de\",\"@id\":\"https:\\\/\\\/pigres-lsp.net\\\/de\\\/work-with-us\\\/#primaryimage\",\"url\":\"https:\\\/\\\/pigres-lsp.net\\\/wp-content\\\/uploads\\\/2019\\\/06\\\/collaboration.png\",\"contentUrl\":\"https:\\\/\\\/pigres-lsp.net\\\/wp-content\\\/uploads\\\/2019\\\/06\\\/collaboration.png\",\"width\":960,\"height\":440},{\"@type\":\"BreadcrumbList\",\"@id\":\"https:\\\/\\\/pigres-lsp.net\\\/de\\\/work-with-us\\\/#breadcrumb\",\"itemListElement\":[{\"@type\":\"ListItem\",\"position\":1,\"name\":\"Home\",\"item\":\"https:\\\/\\\/pigres-lsp.net\\\/de\\\/\"},{\"@type\":\"ListItem\",\"position\":2,\"name\":\"Jobangebote\"}]},{\"@type\":\"WebSite\",\"@id\":\"https:\\\/\\\/pigres-lsp.net\\\/de\\\/#website\",\"url\":\"https:\\\/\\\/pigres-lsp.net\\\/de\\\/\",\"name\":\"PIGRES LSP\",\"description\":\"PIGRES Language Service Provider\",\"publisher\":{\"@id\":\"https:\\\/\\\/pigres-lsp.net\\\/de\\\/#organization\"},\"alternateName\":\"PIGRES Language Service Provider\",\"potentialAction\":[{\"@type\":\"SearchAction\",\"target\":{\"@type\":\"EntryPoint\",\"urlTemplate\":\"https:\\\/\\\/pigres-lsp.net\\\/de\\\/?s={search_term_string}\"},\"query-input\":{\"@type\":\"PropertyValueSpecification\",\"valueRequired\":true,\"valueName\":\"search_term_string\"}}],\"inLanguage\":\"de\"},{\"@type\":\"Organization\",\"@id\":\"https:\\\/\\\/pigres-lsp.net\\\/de\\\/#organization\",\"name\":\"Pigres srl\",\"url\":\"https:\\\/\\\/pigres-lsp.net\\\/de\\\/\",\"logo\":{\"@type\":\"ImageObject\",\"inLanguage\":\"de\",\"@id\":\"https:\\\/\\\/pigres-lsp.net\\\/de\\\/#\\\/schema\\\/logo\\\/image\\\/\",\"url\":\"https:\\\/\\\/pigres-lsp.net\\\/wp-content\\\/uploads\\\/2021\\\/08\\\/pigres-lsp-logo.webp\",\"contentUrl\":\"https:\\\/\\\/pigres-lsp.net\\\/wp-content\\\/uploads\\\/2021\\\/08\\\/pigres-lsp-logo.webp\",\"width\":243,\"height\":67,\"caption\":\"Pigres srl\"},\"image\":{\"@id\":\"https:\\\/\\\/pigres-lsp.net\\\/de\\\/#\\\/schema\\\/logo\\\/image\\\/\"}}]}<\/script>\n<!-- \/ Yoast SEO Premium plugin. -->","yoast_head_json":{"title":"Jobangebote - PIGRES LSP","robots":{"index":"index","follow":"follow","max-snippet":"max-snippet:-1","max-image-preview":"max-image-preview:large","max-video-preview":"max-video-preview:-1"},"canonical":"https:\/\/pigres-lsp.net\/de\/work-with-us\/","og_locale":"de_DE","og_type":"article","og_title":"Jobangebote - PIGRES LSP","og_description":"PIGRES LSP sucht freiberufliche \u00dcbersetzer und Dolmetscher, die an orientalischen Universit\u00e4t Fremdsprachen studiert oder einen Hochschulabschluss in einer orientalischen Sprache haben sowie mindestens f\u00fcnf Jahre Berufserfahrung als \u00dcbersetzer haben. Wir interessieren uns auch mit \u00dcbersetzungsagenturen zusammenzuarbeiten. Bewerben k\u00f6nnen sich auch Grafik-Experten mit Kenntnissen der wichtigsten Graphikprogramme wie Photoshop, Indesign, Illustrator, QuarkXpress zur Herstellung von Brosch\u00fcren, Layout der Handb\u00fccher und Kataloge, Logos, usw. Falls Sie die oben angegebenen Anforderungen erf\u00fcllen, registrieren Sie sich bitte in unserem Bewerbungsportal, indem Sie auf den gr\u00fcnen Button klicken. Um Ihnen einen hervorragenden Service bieten zu k\u00f6nnen, ben\u00f6tigen wir so viele Daten wie m\u00f6glich \u00fcber Ihre Erfahrungen, Qualifikationen und F\u00e4higkeiten. Daher ist das korrekte und vollst\u00e4ndige Ausf\u00fcllen des Anmeldeformulars sehr wichtig! Die Auswahl der Mitarbeiter erfolgt nach einer genauen \u00dcberpr\u00fcfung der Qualifikation des \u00dcbersetzers. Die Mitarbeiterdaten werden in eine Datenbank eingegeben werden. Die neuen Mitarbeiter werden ggf. wegen Details der Zusammenarbeit kontaktiert werden.","og_url":"https:\/\/pigres-lsp.net\/de\/work-with-us\/","og_site_name":"PIGRES LSP","article_modified_time":"2022-05-04T11:06:39+00:00","og_image":[{"width":960,"height":440,"url":"https:\/\/pigres-lsp.net\/wp-content\/uploads\/2019\/06\/collaboration.png","type":"image\/png"}],"twitter_card":"summary_large_image","twitter_misc":{"Gesch\u00e4tzte Lesezeit":"3\u00a0Minuten"},"schema":{"@context":"https:\/\/schema.org","@graph":[{"@type":"WebPage","@id":"https:\/\/pigres-lsp.net\/de\/work-with-us\/","url":"https:\/\/pigres-lsp.net\/de\/work-with-us\/","name":"Jobangebote - PIGRES LSP","isPartOf":{"@id":"https:\/\/pigres-lsp.net\/de\/#website"},"primaryImageOfPage":{"@id":"https:\/\/pigres-lsp.net\/de\/work-with-us\/#primaryimage"},"image":{"@id":"https:\/\/pigres-lsp.net\/de\/work-with-us\/#primaryimage"},"thumbnailUrl":"https:\/\/pigres-lsp.net\/wp-content\/uploads\/2019\/06\/collaboration.png","datePublished":"2020-06-02T22:54:15+00:00","dateModified":"2022-05-04T11:06:39+00:00","breadcrumb":{"@id":"https:\/\/pigres-lsp.net\/de\/work-with-us\/#breadcrumb"},"inLanguage":"de","potentialAction":[{"@type":"ReadAction","target":["https:\/\/pigres-lsp.net\/de\/work-with-us\/"]}]},{"@type":"ImageObject","inLanguage":"de","@id":"https:\/\/pigres-lsp.net\/de\/work-with-us\/#primaryimage","url":"https:\/\/pigres-lsp.net\/wp-content\/uploads\/2019\/06\/collaboration.png","contentUrl":"https:\/\/pigres-lsp.net\/wp-content\/uploads\/2019\/06\/collaboration.png","width":960,"height":440},{"@type":"BreadcrumbList","@id":"https:\/\/pigres-lsp.net\/de\/work-with-us\/#breadcrumb","itemListElement":[{"@type":"ListItem","position":1,"name":"Home","item":"https:\/\/pigres-lsp.net\/de\/"},{"@type":"ListItem","position":2,"name":"Jobangebote"}]},{"@type":"WebSite","@id":"https:\/\/pigres-lsp.net\/de\/#website","url":"https:\/\/pigres-lsp.net\/de\/","name":"PIGRES LSP","description":"PIGRES Language Service Provider","publisher":{"@id":"https:\/\/pigres-lsp.net\/de\/#organization"},"alternateName":"PIGRES Language Service Provider","potentialAction":[{"@type":"SearchAction","target":{"@type":"EntryPoint","urlTemplate":"https:\/\/pigres-lsp.net\/de\/?s={search_term_string}"},"query-input":{"@type":"PropertyValueSpecification","valueRequired":true,"valueName":"search_term_string"}}],"inLanguage":"de"},{"@type":"Organization","@id":"https:\/\/pigres-lsp.net\/de\/#organization","name":"Pigres srl","url":"https:\/\/pigres-lsp.net\/de\/","logo":{"@type":"ImageObject","inLanguage":"de","@id":"https:\/\/pigres-lsp.net\/de\/#\/schema\/logo\/image\/","url":"https:\/\/pigres-lsp.net\/wp-content\/uploads\/2021\/08\/pigres-lsp-logo.webp","contentUrl":"https:\/\/pigres-lsp.net\/wp-content\/uploads\/2021\/08\/pigres-lsp-logo.webp","width":243,"height":67,"caption":"Pigres srl"},"image":{"@id":"https:\/\/pigres-lsp.net\/de\/#\/schema\/logo\/image\/"}}]}},"_links":{"self":[{"href":"https:\/\/pigres-lsp.net\/de\/wp-json\/wp\/v2\/pages\/236432","targetHints":{"allow":["GET"]}}],"collection":[{"href":"https:\/\/pigres-lsp.net\/de\/wp-json\/wp\/v2\/pages"}],"about":[{"href":"https:\/\/pigres-lsp.net\/de\/wp-json\/wp\/v2\/types\/page"}],"author":[{"embeddable":true,"href":"https:\/\/pigres-lsp.net\/de\/wp-json\/wp\/v2\/users\/1"}],"replies":[{"embeddable":true,"href":"https:\/\/pigres-lsp.net\/de\/wp-json\/wp\/v2\/comments?post=236432"}],"version-history":[{"count":4,"href":"https:\/\/pigres-lsp.net\/de\/wp-json\/wp\/v2\/pages\/236432\/revisions"}],"predecessor-version":[{"id":279299,"href":"https:\/\/pigres-lsp.net\/de\/wp-json\/wp\/v2\/pages\/236432\/revisions\/279299"}],"wp:featuredmedia":[{"embeddable":true,"href":"https:\/\/pigres-lsp.net\/de\/wp-json\/wp\/v2\/media\/213501"}],"wp:attachment":[{"href":"https:\/\/pigres-lsp.net\/de\/wp-json\/wp\/v2\/media?parent=236432"}],"curies":[{"name":"wp","href":"https:\/\/api.w.org\/{rel}","templated":true}]}}