{"id":208584,"date":"2017-05-15T14:51:22","date_gmt":"2017-05-15T12:51:22","guid":{"rendered":"https:\/\/pigres-lsp.net\/ubersetzungsprozess\/"},"modified":"2020-06-03T00:40:31","modified_gmt":"2020-06-02T22:40:31","slug":"ubersetzungsprozess","status":"publish","type":"page","link":"https:\/\/pigres-lsp.net\/de\/ubersetzungsprozess\/","title":{"rendered":"\u00dcbersetzungsprozess"},"content":{"rendered":"<p>[et_pb_section fb_built=&#8221;1&#8243; _builder_version=&#8221;4.0.5&#8243; locked=&#8221;off&#8221;][et_pb_row column_structure=&#8221;2_5,3_5&#8243; _builder_version=&#8221;4.0.5&#8243; use_custom_width=&#8221;on&#8221; custom_width_px=&#8221;1440px&#8221;][et_pb_column type=&#8221;2_5&#8243; _builder_version=&#8221;3.25&#8243; custom_padding=&#8221;|||&#8221; custom_padding__hover=&#8221;|||&#8221;][et_pb_image src=&#8221;https:\/\/pigres-lsp.net\/wp-content\/uploads\/2019\/01\/organigramma_en.png&#8221; align=&#8221;right&#8221; force_fullwidth=&#8221;on&#8221; align_tablet=&#8221;center&#8221; align_phone=&#8221;&#8221; align_last_edited=&#8221;on|desktop&#8221; _builder_version=&#8221;3.23&#8243; custom_margin=&#8221;||-10%|&#8221; animation_style=&#8221;roll&#8221; animation_direction=&#8221;left&#8221; animation_intensity_roll=&#8221;4%&#8221;][\/et_pb_image][\/et_pb_column][et_pb_column type=&#8221;3_5&#8243; _builder_version=&#8221;3.25&#8243; custom_padding=&#8221;5%|5%|5%|&#8221; custom_padding__hover=&#8221;|||&#8221;][et_pb_text _builder_version=&#8221;3.27.4&#8243; text_font=&#8221;||||||||&#8221; text_line_height=&#8221;2em&#8221; ul_font=&#8221;||||||||&#8221; header_font=&#8221;||||||||&#8221; header_2_font=&#8221;Roboto|700|||||||&#8221; header_2_font_size=&#8221;45px&#8221; header_2_line_height=&#8221;1.2em&#8221; header_3_font=&#8221;||||||||&#8221; max_width=&#8221;800px&#8221; max_width_last_edited=&#8221;off|desktop&#8221; module_alignment=&#8221;center&#8221; custom_margin=&#8221;|||&#8221; custom_padding=&#8221;|||&#8221; header_2_font_size_tablet=&#8221;35px&#8221; header_2_font_size_phone=&#8221;28px&#8221; header_2_font_size_last_edited=&#8221;on|desktop&#8221;]Die \u00dcbersetzungsarbeit und Lokalisierung geht bei\u00a0 <a title=\"Deutsch\" href=\"https:\/\/de.pigres-lsp.net\/\">PIGRES LSP<\/a> je nach Schwierigkeitsgrad des Textes durch verschiedene Phasen.<\/p>\n<p>Zun\u00e4chst wird der Text von einem unserer Mitarbeiter in die eigene Muttersprache \u00fcbersetzt. Anschlie\u00dfend wird diese \u00dcbersetzung von einer anderen Person \u00fcberpr\u00fcft.\u00a0 <a title=\"Deutsch\" href=\"https:\/\/de.pigres-lsp.net\/\">PIGRES LSP<\/a> w\u00e4hlt seine \u00dcbersetzer mit gro\u00dfer Sorgfalt aus, \u00fcberpr\u00fcft ihre akademische Abschl\u00fcsse und ihre ausreichenden \u00dcbersetzererfahrung, um auf diese Weise eine hohe \u00dcbersetzerqualit\u00e4t zu garantieren.<\/p>\n<p>Dann werden die \u00fcbersetzten Texte digital unter dem Namen des Kunden elektronisch archiviert, um f\u00fcr eventuelle zuk\u00fcnftige \u00dcbersetzungen verf\u00fcgbar zu sein und um die z\u00fcgige Arbeit und Qualit\u00e4t der \u00dcbersetzung zu garantieren.<ins cite=\"mailto:Tat\" datetime=\"2013-07-23T17:58\"><\/ins><del cite=\"mailto:Tat\" datetime=\"2013-07-23T17:58\"><\/del><\/p>\n<p>Um die Arbeit von <a title=\"Deutsch\" href=\"https:\/\/de.pigres-lsp.net\/\">PIGRES LSP<\/a> bei \u00dcbersetzungen zu verdeutlichen, haben wir ein Organigramm erstellt.<br \/>\nAblauf des \u00dcbersetzungsvorgangs bei <a title=\"Deutsch\" href=\"https:\/\/de.pigres-lsp.net\/\">PIGRES LSP<\/a>:<\/p>\n<ol>\n<li>Registrierung der Kundendaten in einer Database;<\/li>\n<li>\u00dcbersetzung des Textes durch einen unserer Fach\u00fcbersetzer, die in ihre Muttersprache \u00fcbersetzen;<\/li>\n<li>Korrekturlesen eines darin spezialisierten Pr\u00fcfers;<\/li>\n<li>Archivierung des Textes unter dem Kundennamen;<\/li>\n<li>Abgabe (Abgabebedingungen werden von Kunden angegeben).<\/li>\n<\/ol>\n<p>[\/et_pb_text][\/et_pb_column][\/et_pb_row][\/et_pb_section]<\/p>\n","protected":false},"excerpt":{"rendered":"<p>Die \u00dcbersetzungsarbeit und Lokalisierung geht bei\u00a0 PIGRES LSP je nach Schwierigkeitsgrad des Textes durch verschiedene Phasen. Zun\u00e4chst wird der Text von einem unserer Mitarbeiter in die eigene Muttersprache \u00fcbersetzt. Anschlie\u00dfend wird diese \u00dcbersetzung von einer anderen Person \u00fcberpr\u00fcft.\u00a0 PIGRES LSP w\u00e4hlt seine \u00dcbersetzer mit gro\u00dfer Sorgfalt aus, \u00fcberpr\u00fcft ihre akademische Abschl\u00fcsse und ihre ausreichenden \u00dcbersetzererfahrung, um auf diese Weise eine hohe \u00dcbersetzerqualit\u00e4t zu garantieren. Dann werden die \u00fcbersetzten Texte digital unter dem Namen des Kunden elektronisch archiviert, um f\u00fcr eventuelle zuk\u00fcnftige \u00dcbersetzungen verf\u00fcgbar zu sein und um die z\u00fcgige Arbeit und Qualit\u00e4t der \u00dcbersetzung zu garantieren. Um die Arbeit von PIGRES LSP bei \u00dcbersetzungen zu verdeutlichen, haben wir ein Organigramm erstellt. Ablauf des \u00dcbersetzungsvorgangs bei PIGRES LSP: Registrierung der Kundendaten in einer Database; \u00dcbersetzung des Textes durch einen unserer Fach\u00fcbersetzer, die in ihre Muttersprache \u00fcbersetzen; Korrekturlesen eines darin spezialisierten Pr\u00fcfers; Archivierung des Textes unter dem Kundennamen; Abgabe (Abgabebedingungen werden von Kunden angegeben).<\/p>\n","protected":false},"author":1,"featured_media":212158,"parent":0,"menu_order":5,"comment_status":"closed","ping_status":"closed","template":"","meta":{"_et_pb_use_builder":"on","_et_pb_old_content":"","_et_gb_content_width":"","inline_featured_image":false,"footnotes":""},"class_list":["post-208584","page","type-page","status-publish","has-post-thumbnail","hentry"],"yoast_head":"<!-- This site is optimized with the Yoast SEO Premium plugin v27.4 (Yoast SEO v27.4) - https:\/\/yoast.com\/product\/yoast-seo-premium-wordpress\/ -->\n<title>\u00dcbersetzungsprozess - PIGRES LSP<\/title>\n<meta name=\"robots\" content=\"index, follow, max-snippet:-1, max-image-preview:large, max-video-preview:-1\" \/>\n<link rel=\"canonical\" href=\"https:\/\/pigres-lsp.net\/de\/ubersetzungsprozess\/\" \/>\n<meta property=\"og:locale\" content=\"de_DE\" \/>\n<meta property=\"og:type\" content=\"article\" \/>\n<meta property=\"og:title\" content=\"\u00dcbersetzungsprozess - PIGRES LSP\" \/>\n<meta property=\"og:description\" content=\"Die \u00dcbersetzungsarbeit und Lokalisierung geht bei\u00a0 PIGRES LSP je nach Schwierigkeitsgrad des Textes durch verschiedene Phasen. Zun\u00e4chst wird der Text von einem unserer Mitarbeiter in die eigene Muttersprache \u00fcbersetzt. Anschlie\u00dfend wird diese \u00dcbersetzung von einer anderen Person \u00fcberpr\u00fcft.\u00a0 PIGRES LSP w\u00e4hlt seine \u00dcbersetzer mit gro\u00dfer Sorgfalt aus, \u00fcberpr\u00fcft ihre akademische Abschl\u00fcsse und ihre ausreichenden \u00dcbersetzererfahrung, um auf diese Weise eine hohe \u00dcbersetzerqualit\u00e4t zu garantieren. Dann werden die \u00fcbersetzten Texte digital unter dem Namen des Kunden elektronisch archiviert, um f\u00fcr eventuelle zuk\u00fcnftige \u00dcbersetzungen verf\u00fcgbar zu sein und um die z\u00fcgige Arbeit und Qualit\u00e4t der \u00dcbersetzung zu garantieren. Um die Arbeit von PIGRES LSP bei \u00dcbersetzungen zu verdeutlichen, haben wir ein Organigramm erstellt. Ablauf des \u00dcbersetzungsvorgangs bei PIGRES LSP: Registrierung der Kundendaten in einer Database; \u00dcbersetzung des Textes durch einen unserer Fach\u00fcbersetzer, die in ihre Muttersprache \u00fcbersetzen; Korrekturlesen eines darin spezialisierten Pr\u00fcfers; Archivierung des Textes unter dem Kundennamen; Abgabe (Abgabebedingungen werden von Kunden angegeben).\" \/>\n<meta property=\"og:url\" content=\"https:\/\/pigres-lsp.net\/de\/ubersetzungsprozess\/\" \/>\n<meta property=\"og:site_name\" content=\"PIGRES LSP\" \/>\n<meta property=\"article:modified_time\" content=\"2020-06-02T22:40:31+00:00\" \/>\n<meta property=\"og:image\" content=\"https:\/\/pigres-lsp.net\/wp-content\/uploads\/2019\/01\/organigramma_en.png\" \/>\n\t<meta property=\"og:image:width\" content=\"945\" \/>\n\t<meta property=\"og:image:height\" content=\"649\" \/>\n\t<meta property=\"og:image:type\" content=\"image\/png\" \/>\n<meta name=\"twitter:card\" content=\"summary_large_image\" \/>\n<meta name=\"twitter:label1\" content=\"Gesch\u00e4tzte Lesezeit\" \/>\n\t<meta name=\"twitter:data1\" content=\"2\u00a0Minuten\" \/>\n<script type=\"application\/ld+json\" class=\"yoast-schema-graph\">{\"@context\":\"https:\\\/\\\/schema.org\",\"@graph\":[{\"@type\":\"WebPage\",\"@id\":\"https:\\\/\\\/pigres-lsp.net\\\/de\\\/ubersetzungsprozess\\\/\",\"url\":\"https:\\\/\\\/pigres-lsp.net\\\/de\\\/ubersetzungsprozess\\\/\",\"name\":\"\u00dcbersetzungsprozess - PIGRES LSP\",\"isPartOf\":{\"@id\":\"https:\\\/\\\/pigres-lsp.net\\\/de\\\/#website\"},\"primaryImageOfPage\":{\"@id\":\"https:\\\/\\\/pigres-lsp.net\\\/de\\\/ubersetzungsprozess\\\/#primaryimage\"},\"image\":{\"@id\":\"https:\\\/\\\/pigres-lsp.net\\\/de\\\/ubersetzungsprozess\\\/#primaryimage\"},\"thumbnailUrl\":\"https:\\\/\\\/pigres-lsp.net\\\/wp-content\\\/uploads\\\/2019\\\/01\\\/organigramma_en.png\",\"datePublished\":\"2017-05-15T12:51:22+00:00\",\"dateModified\":\"2020-06-02T22:40:31+00:00\",\"breadcrumb\":{\"@id\":\"https:\\\/\\\/pigres-lsp.net\\\/de\\\/ubersetzungsprozess\\\/#breadcrumb\"},\"inLanguage\":\"de\",\"potentialAction\":[{\"@type\":\"ReadAction\",\"target\":[\"https:\\\/\\\/pigres-lsp.net\\\/de\\\/ubersetzungsprozess\\\/\"]}]},{\"@type\":\"ImageObject\",\"inLanguage\":\"de\",\"@id\":\"https:\\\/\\\/pigres-lsp.net\\\/de\\\/ubersetzungsprozess\\\/#primaryimage\",\"url\":\"https:\\\/\\\/pigres-lsp.net\\\/wp-content\\\/uploads\\\/2019\\\/01\\\/organigramma_en.png\",\"contentUrl\":\"https:\\\/\\\/pigres-lsp.net\\\/wp-content\\\/uploads\\\/2019\\\/01\\\/organigramma_en.png\",\"width\":945,\"height\":649},{\"@type\":\"BreadcrumbList\",\"@id\":\"https:\\\/\\\/pigres-lsp.net\\\/de\\\/ubersetzungsprozess\\\/#breadcrumb\",\"itemListElement\":[{\"@type\":\"ListItem\",\"position\":1,\"name\":\"Home\",\"item\":\"https:\\\/\\\/pigres-lsp.net\\\/de\\\/\"},{\"@type\":\"ListItem\",\"position\":2,\"name\":\"\u00dcbersetzungsprozess\"}]},{\"@type\":\"WebSite\",\"@id\":\"https:\\\/\\\/pigres-lsp.net\\\/de\\\/#website\",\"url\":\"https:\\\/\\\/pigres-lsp.net\\\/de\\\/\",\"name\":\"PIGRES LSP\",\"description\":\"PIGRES Language Service Provider\",\"publisher\":{\"@id\":\"https:\\\/\\\/pigres-lsp.net\\\/de\\\/#organization\"},\"alternateName\":\"PIGRES Language Service Provider\",\"potentialAction\":[{\"@type\":\"SearchAction\",\"target\":{\"@type\":\"EntryPoint\",\"urlTemplate\":\"https:\\\/\\\/pigres-lsp.net\\\/de\\\/?s={search_term_string}\"},\"query-input\":{\"@type\":\"PropertyValueSpecification\",\"valueRequired\":true,\"valueName\":\"search_term_string\"}}],\"inLanguage\":\"de\"},{\"@type\":\"Organization\",\"@id\":\"https:\\\/\\\/pigres-lsp.net\\\/de\\\/#organization\",\"name\":\"Pigres srl\",\"url\":\"https:\\\/\\\/pigres-lsp.net\\\/de\\\/\",\"logo\":{\"@type\":\"ImageObject\",\"inLanguage\":\"de\",\"@id\":\"https:\\\/\\\/pigres-lsp.net\\\/de\\\/#\\\/schema\\\/logo\\\/image\\\/\",\"url\":\"https:\\\/\\\/pigres-lsp.net\\\/wp-content\\\/uploads\\\/2021\\\/08\\\/pigres-lsp-logo.webp\",\"contentUrl\":\"https:\\\/\\\/pigres-lsp.net\\\/wp-content\\\/uploads\\\/2021\\\/08\\\/pigres-lsp-logo.webp\",\"width\":243,\"height\":67,\"caption\":\"Pigres srl\"},\"image\":{\"@id\":\"https:\\\/\\\/pigres-lsp.net\\\/de\\\/#\\\/schema\\\/logo\\\/image\\\/\"}}]}<\/script>\n<!-- \/ Yoast SEO Premium plugin. -->","yoast_head_json":{"title":"\u00dcbersetzungsprozess - PIGRES LSP","robots":{"index":"index","follow":"follow","max-snippet":"max-snippet:-1","max-image-preview":"max-image-preview:large","max-video-preview":"max-video-preview:-1"},"canonical":"https:\/\/pigres-lsp.net\/de\/ubersetzungsprozess\/","og_locale":"de_DE","og_type":"article","og_title":"\u00dcbersetzungsprozess - PIGRES LSP","og_description":"Die \u00dcbersetzungsarbeit und Lokalisierung geht bei\u00a0 PIGRES LSP je nach Schwierigkeitsgrad des Textes durch verschiedene Phasen. Zun\u00e4chst wird der Text von einem unserer Mitarbeiter in die eigene Muttersprache \u00fcbersetzt. Anschlie\u00dfend wird diese \u00dcbersetzung von einer anderen Person \u00fcberpr\u00fcft.\u00a0 PIGRES LSP w\u00e4hlt seine \u00dcbersetzer mit gro\u00dfer Sorgfalt aus, \u00fcberpr\u00fcft ihre akademische Abschl\u00fcsse und ihre ausreichenden \u00dcbersetzererfahrung, um auf diese Weise eine hohe \u00dcbersetzerqualit\u00e4t zu garantieren. Dann werden die \u00fcbersetzten Texte digital unter dem Namen des Kunden elektronisch archiviert, um f\u00fcr eventuelle zuk\u00fcnftige \u00dcbersetzungen verf\u00fcgbar zu sein und um die z\u00fcgige Arbeit und Qualit\u00e4t der \u00dcbersetzung zu garantieren. Um die Arbeit von PIGRES LSP bei \u00dcbersetzungen zu verdeutlichen, haben wir ein Organigramm erstellt. Ablauf des \u00dcbersetzungsvorgangs bei PIGRES LSP: Registrierung der Kundendaten in einer Database; \u00dcbersetzung des Textes durch einen unserer Fach\u00fcbersetzer, die in ihre Muttersprache \u00fcbersetzen; Korrekturlesen eines darin spezialisierten Pr\u00fcfers; Archivierung des Textes unter dem Kundennamen; Abgabe (Abgabebedingungen werden von Kunden angegeben).","og_url":"https:\/\/pigres-lsp.net\/de\/ubersetzungsprozess\/","og_site_name":"PIGRES LSP","article_modified_time":"2020-06-02T22:40:31+00:00","og_image":[{"width":945,"height":649,"url":"https:\/\/pigres-lsp.net\/wp-content\/uploads\/2019\/01\/organigramma_en.png","type":"image\/png"}],"twitter_card":"summary_large_image","twitter_misc":{"Gesch\u00e4tzte Lesezeit":"2\u00a0Minuten"},"schema":{"@context":"https:\/\/schema.org","@graph":[{"@type":"WebPage","@id":"https:\/\/pigres-lsp.net\/de\/ubersetzungsprozess\/","url":"https:\/\/pigres-lsp.net\/de\/ubersetzungsprozess\/","name":"\u00dcbersetzungsprozess - PIGRES LSP","isPartOf":{"@id":"https:\/\/pigres-lsp.net\/de\/#website"},"primaryImageOfPage":{"@id":"https:\/\/pigres-lsp.net\/de\/ubersetzungsprozess\/#primaryimage"},"image":{"@id":"https:\/\/pigres-lsp.net\/de\/ubersetzungsprozess\/#primaryimage"},"thumbnailUrl":"https:\/\/pigres-lsp.net\/wp-content\/uploads\/2019\/01\/organigramma_en.png","datePublished":"2017-05-15T12:51:22+00:00","dateModified":"2020-06-02T22:40:31+00:00","breadcrumb":{"@id":"https:\/\/pigres-lsp.net\/de\/ubersetzungsprozess\/#breadcrumb"},"inLanguage":"de","potentialAction":[{"@type":"ReadAction","target":["https:\/\/pigres-lsp.net\/de\/ubersetzungsprozess\/"]}]},{"@type":"ImageObject","inLanguage":"de","@id":"https:\/\/pigres-lsp.net\/de\/ubersetzungsprozess\/#primaryimage","url":"https:\/\/pigres-lsp.net\/wp-content\/uploads\/2019\/01\/organigramma_en.png","contentUrl":"https:\/\/pigres-lsp.net\/wp-content\/uploads\/2019\/01\/organigramma_en.png","width":945,"height":649},{"@type":"BreadcrumbList","@id":"https:\/\/pigres-lsp.net\/de\/ubersetzungsprozess\/#breadcrumb","itemListElement":[{"@type":"ListItem","position":1,"name":"Home","item":"https:\/\/pigres-lsp.net\/de\/"},{"@type":"ListItem","position":2,"name":"\u00dcbersetzungsprozess"}]},{"@type":"WebSite","@id":"https:\/\/pigres-lsp.net\/de\/#website","url":"https:\/\/pigres-lsp.net\/de\/","name":"PIGRES LSP","description":"PIGRES Language Service Provider","publisher":{"@id":"https:\/\/pigres-lsp.net\/de\/#organization"},"alternateName":"PIGRES Language Service Provider","potentialAction":[{"@type":"SearchAction","target":{"@type":"EntryPoint","urlTemplate":"https:\/\/pigres-lsp.net\/de\/?s={search_term_string}"},"query-input":{"@type":"PropertyValueSpecification","valueRequired":true,"valueName":"search_term_string"}}],"inLanguage":"de"},{"@type":"Organization","@id":"https:\/\/pigres-lsp.net\/de\/#organization","name":"Pigres srl","url":"https:\/\/pigres-lsp.net\/de\/","logo":{"@type":"ImageObject","inLanguage":"de","@id":"https:\/\/pigres-lsp.net\/de\/#\/schema\/logo\/image\/","url":"https:\/\/pigres-lsp.net\/wp-content\/uploads\/2021\/08\/pigres-lsp-logo.webp","contentUrl":"https:\/\/pigres-lsp.net\/wp-content\/uploads\/2021\/08\/pigres-lsp-logo.webp","width":243,"height":67,"caption":"Pigres srl"},"image":{"@id":"https:\/\/pigres-lsp.net\/de\/#\/schema\/logo\/image\/"}}]}},"_links":{"self":[{"href":"https:\/\/pigres-lsp.net\/de\/wp-json\/wp\/v2\/pages\/208584","targetHints":{"allow":["GET"]}}],"collection":[{"href":"https:\/\/pigres-lsp.net\/de\/wp-json\/wp\/v2\/pages"}],"about":[{"href":"https:\/\/pigres-lsp.net\/de\/wp-json\/wp\/v2\/types\/page"}],"author":[{"embeddable":true,"href":"https:\/\/pigres-lsp.net\/de\/wp-json\/wp\/v2\/users\/1"}],"replies":[{"embeddable":true,"href":"https:\/\/pigres-lsp.net\/de\/wp-json\/wp\/v2\/comments?post=208584"}],"version-history":[{"count":0,"href":"https:\/\/pigres-lsp.net\/de\/wp-json\/wp\/v2\/pages\/208584\/revisions"}],"wp:featuredmedia":[{"embeddable":true,"href":"https:\/\/pigres-lsp.net\/de\/wp-json\/wp\/v2\/media\/212158"}],"wp:attachment":[{"href":"https:\/\/pigres-lsp.net\/de\/wp-json\/wp\/v2\/media?parent=208584"}],"curies":[{"name":"wp","href":"https:\/\/api.w.org\/{rel}","templated":true}]}}