{"id":208582,"date":"2017-05-15T14:50:27","date_gmt":"2017-05-15T12:50:27","guid":{"rendered":"https:\/\/pigres-lsp.net\/qualitat-der-dienstleistungen\/"},"modified":"2022-05-04T11:39:40","modified_gmt":"2022-05-04T09:39:40","slug":"qualitat-der-dienstleistungen","status":"publish","type":"page","link":"https:\/\/pigres-lsp.net\/de\/qualitat-der-dienstleistungen\/","title":{"rendered":"Qualit\u00e4t"},"content":{"rendered":"<p>[et_pb_section fb_built=&#8221;1&#8243; _builder_version=&#8221;4.0.5&#8243; locked=&#8221;off&#8221; global_colors_info=&#8221;{}&#8221;][et_pb_row column_structure=&#8221;2_5,3_5&#8243; _builder_version=&#8221;4.14.1&#8243; hover_enabled=&#8221;0&#8243; use_custom_width=&#8221;on&#8221; custom_width_px=&#8221;1440px&#8221; global_colors_info=&#8221;{}&#8221; sticky_enabled=&#8221;0&#8243;][et_pb_column type=&#8221;2_5&#8243; _builder_version=&#8221;4.14.1&#8243; hover_enabled=&#8221;0&#8243; global_colors_info=&#8221;{}&#8221; custom_padding__hover=&#8221;|||&#8221; sticky_enabled=&#8221;0&#8243;][et_pb_image src=&#8221;@ET-DC@eyJkeW5hbWljIjp0cnVlLCJjb250ZW50IjoicG9zdF9mZWF0dXJlZF9pbWFnZSIsInNldHRpbmdzIjp7fX0=@&#8221; align=&#8221;right&#8221; force_fullwidth=&#8221;on&#8221; align_tablet=&#8221;center&#8221; align_phone=&#8221;&#8221; align_last_edited=&#8221;on|desktop&#8221; _builder_version=&#8221;4.14.1&#8243; custom_margin=&#8221;||-10%|&#8221; animation_style=&#8221;roll&#8221; animation_direction=&#8221;left&#8221; animation_intensity_roll=&#8221;4%&#8221; hover_enabled=&#8221;0&#8243; global_colors_info=&#8221;{}&#8221; _dynamic_attributes=&#8221;src&#8221; sticky_enabled=&#8221;0&#8243;][\/et_pb_image][\/et_pb_column][et_pb_column type=&#8221;3_5&#8243; _builder_version=&#8221;4.14.1&#8243; hover_enabled=&#8221;0&#8243; global_colors_info=&#8221;{}&#8221; custom_padding__hover=&#8221;|||&#8221; sticky_enabled=&#8221;0&#8243;][et_pb_text _builder_version=&#8221;4.14.1&#8243; text_font=&#8221;||||||||&#8221; text_line_height=&#8221;2em&#8221; ul_font=&#8221;||||||||&#8221; header_2_font=&#8221;Roboto|700|||||||&#8221; header_2_font_size=&#8221;45px&#8221; header_2_line_height=&#8221;1.2em&#8221; header_3_font=&#8221;||||||||&#8221; max_width=&#8221;800px&#8221; max_width_last_edited=&#8221;off|desktop&#8221; module_alignment=&#8221;center&#8221; custom_margin=&#8221;|||&#8221; custom_padding=&#8221;|||&#8221; hover_enabled=&#8221;0&#8243; global_colors_info=&#8221;{}&#8221; sticky_enabled=&#8221;0&#8243;]Um die ausgezeichnete Qualit\u00e4t seiner Produkte zu gew\u00e4hrleisten, w\u00e4hlt unser Unternehmen seine Mitarbeiter sehr sorgf\u00e4ltig aus, indem es deren akademische Ausbildung, Erfahrung und Spezialisierungen bewertet.[\/et_pb_text][et_pb_accordion _builder_version=&#8221;3.18.1&#8243; locked=&#8221;off&#8221; global_colors_info=&#8221;{}&#8221;][et_pb_accordion_item title=&#8221;Spezialisierte muttersprachliche \u00dcbersetzer&#8221; open=&#8221;on&#8221; _builder_version=&#8221;3.18.1&#8243; text_orientation=&#8221;left&#8221; module_alignment=&#8221;left&#8221; global_colors_info=&#8221;{}&#8221;]<a title=\"PIGRES LSP\" href=\"https:\/\/de.pigres-lsp.net\/\">PIGRES LSP<\/a> wendet bei der Auswahl seiner \u00dcbersetzer sehr strenge Kriterien an und bezieht sich nur auf die muttersprachlichen \u00dcbersetzer, die auf den Sektor spezialisiert sind, zu dem der zu \u00fcbersetzende Text geh\u00f6rt.<br \/>\nUnsere professionellen \u00dcbersetzer \u00fcbersetzen ausschlie\u00dflich in ihre Muttersprache, mit Ausnahme einiger seltener Sprachen.[\/et_pb_accordion_item][et_pb_accordion_item title=&#8221;Professionalit\u00e4t&#8221; _builder_version=&#8221;3.18.1&#8243; text_orientation=&#8221;left&#8221; module_alignment=&#8221;left&#8221; global_colors_info=&#8221;{}&#8221; open=&#8221;off&#8221;]Um die \u00dcbersetzungsarbeit gro\u00dfvolumiger Projekte noch effizienter gestalten, verwenden die <a title=\"PIGRES LSP\" href=\"https:\/\/pigres-lsp.net\/de\/\">PIGRES LSP<\/a> Mitarbeiter die g\u00e4ngigsten CAT-Tools.<br \/>\nUnsere \u00dcbersetzer erf\u00fcllen ihre Aufgaben mit Sorgfalt, indem sie die Kundenw\u00fcnsche, Abgabezeiten sowie andere\u00a0 Modalit\u00e4ten der Auftr\u00e4ge einhalten.[\/et_pb_accordion_item][et_pb_accordion_item title=&#8221;P\u00fcnktlichkeit&#8221; _builder_version=&#8221;3.18.1&#8243; text_orientation=&#8221;left&#8221; module_alignment=&#8221;left&#8221; global_colors_info=&#8221;{}&#8221; open=&#8221;off&#8221;]Wir liefern unsere \u00dcbersetzungen schnell und p\u00fcnktlich.<br \/>\nZudem sind wir in der Lage auch in k\u00fcrzester Zeit \u00dcbersetzungen durchzuf\u00fchren. Der Preisaufschlag f\u00fcr dringende \u00dcbersetzungen wird selbstverst\u00e4ndlich vorher mit dem Kunden budgetiert.[\/et_pb_accordion_item][et_pb_accordion_item title=&#8221;Zweifache Kontrolle&#8221; _builder_version=&#8221;3.18.1&#8243; text_orientation=&#8221;left&#8221; module_alignment=&#8221;left&#8221; global_colors_info=&#8221;{}&#8221; open=&#8221;off&#8221;]Jeder Auftrag wird einem Projekt-Manager zugewiesen, der f\u00fcr das \u00dcbersetzungsprojekt und dessen p\u00fcnktliche Ablieferung verantwortlich ist. Alle \u00dcbersetzungen unterliegen jedoch einer mindestens zweifachen Kontrolle. Das hei\u00dft, dass vor der endg\u00fcltigen Kundenlieferung jede \u00dcbersetzung ein zweites Mal auf wichtige Aspekte wie Rechtschreibung, Grammatik und Zeichensetzung \u00fcberpr\u00fcft wird.[\/et_pb_accordion_item][et_pb_accordion_item title=&#8221;Korrekturlesen durch einen zweiten oder dritten \u00dcbersetzers&#8221; _builder_version=&#8221;3.18.1&#8243; text_orientation=&#8221;left&#8221; module_alignment=&#8221;left&#8221; global_colors_info=&#8221;{}&#8221; open=&#8221;off&#8221;]In einigen sensiblen Sektoren wie rechtliche Dokumente, Jahresabschl\u00fcssen, Vertr\u00e4ge, usw. ist eine zus\u00e4tzliche Qualit\u00e4tskontrolle der \u00dcbersetzungen anzuraten. <a title=\"PIGRES LSP\" href=\"https:\/\/de.pigres-lsp.net\/\">PIGRES LSP<\/a> bietet auf Wunsch des Kunden die Text\u00fcberarbeitung durch einen zweiten oder sogar einen dritten spezialisierten \u00dcbersetzer an.[\/et_pb_accordion_item][et_pb_accordion_item title=&#8221;Datenschutz&#8221; _builder_version=&#8221;3.18.1&#8243; text_orientation=&#8221;left&#8221; module_alignment=&#8221;left&#8221; global_colors_info=&#8221;{}&#8221; open=&#8221;off&#8221;]Die uns zur \u00dcbersetzung anvertrauten Texte und Dokumente werden mit \u00e4u\u00dferster Vertraulichkeit behandelt werden. Das gleiche gilt f\u00fcr pers\u00f6nlichen Kundendaten sowie f\u00fcr alle anderen uns \u00fcbertragenen Daten (kompatibel mit der elektronischen Form der Dienstleistungen). Die Kundenunterlagen, die <a title=\"PIGRES LSP\" href=\"https:\/\/pigres-lsp.net\/de\/\">PIGRES LSP<\/a> zur \u00dcbersetzung, Layout oder anderen Dienstleistungen zur Verf\u00fcgung gestellt werden, werden ohne schriftliche Zustimmung des Kunden weder ver\u00f6ffentlicht noch an Dritte weitergegeben, sofern es sich nicht um autorisierte Mitarbeiter oder Dienstleister handelt.[\/et_pb_accordion_item][\/et_pb_accordion][\/et_pb_column][\/et_pb_row][\/et_pb_section]<\/p>\n","protected":false},"excerpt":{"rendered":"<p>Um die ausgezeichnete Qualit\u00e4t seiner Produkte zu gew\u00e4hrleisten, w\u00e4hlt unser Unternehmen seine Mitarbeiter sehr sorgf\u00e4ltig aus, indem es deren akademische Ausbildung, Erfahrung und Spezialisierungen bewertet.PIGRES LSP wendet bei der Auswahl seiner \u00dcbersetzer sehr strenge Kriterien an und bezieht sich nur auf die muttersprachlichen \u00dcbersetzer, die auf den Sektor spezialisiert sind, zu dem der zu \u00fcbersetzende Text geh\u00f6rt. Unsere professionellen \u00dcbersetzer \u00fcbersetzen ausschlie\u00dflich in ihre Muttersprache, mit Ausnahme einiger seltener Sprachen.Um die \u00dcbersetzungsarbeit gro\u00dfvolumiger Projekte noch effizienter gestalten, verwenden die PIGRES LSP Mitarbeiter die g\u00e4ngigsten CAT-Tools. Unsere \u00dcbersetzer erf\u00fcllen ihre Aufgaben mit Sorgfalt, indem sie die Kundenw\u00fcnsche, Abgabezeiten sowie andere\u00a0 Modalit\u00e4ten der Auftr\u00e4ge einhalten.Wir liefern unsere \u00dcbersetzungen schnell und p\u00fcnktlich. Zudem sind wir in der Lage auch in k\u00fcrzester Zeit \u00dcbersetzungen durchzuf\u00fchren. Der Preisaufschlag f\u00fcr dringende \u00dcbersetzungen wird selbstverst\u00e4ndlich vorher mit dem Kunden budgetiert.Jeder Auftrag wird einem Projekt-Manager zugewiesen, der f\u00fcr das \u00dcbersetzungsprojekt und dessen p\u00fcnktliche Ablieferung verantwortlich ist. Alle \u00dcbersetzungen unterliegen jedoch einer mindestens zweifachen Kontrolle. Das hei\u00dft, dass vor der endg\u00fcltigen Kundenlieferung jede \u00dcbersetzung ein zweites Mal auf wichtige Aspekte wie Rechtschreibung, Grammatik und Zeichensetzung \u00fcberpr\u00fcft wird.In einigen sensiblen Sektoren wie rechtliche Dokumente, Jahresabschl\u00fcssen, Vertr\u00e4ge, usw. ist eine zus\u00e4tzliche Qualit\u00e4tskontrolle der \u00dcbersetzungen anzuraten. PIGRES LSP bietet auf Wunsch des [&hellip;]<\/p>\n","protected":false},"author":1,"featured_media":213508,"parent":0,"menu_order":29,"comment_status":"closed","ping_status":"closed","template":"","meta":{"_et_pb_use_builder":"on","_et_pb_old_content":"","_et_gb_content_width":"","inline_featured_image":false,"footnotes":""},"class_list":["post-208582","page","type-page","status-publish","has-post-thumbnail","hentry"],"yoast_head":"<!-- This site is optimized with the Yoast SEO Premium plugin v27.4 (Yoast SEO v27.4) - https:\/\/yoast.com\/product\/yoast-seo-premium-wordpress\/ -->\n<title>Qualit\u00e4t - PIGRES LSP<\/title>\n<meta name=\"robots\" content=\"index, follow, max-snippet:-1, max-image-preview:large, max-video-preview:-1\" \/>\n<link rel=\"canonical\" href=\"https:\/\/pigres-lsp.net\/de\/qualitat-der-dienstleistungen\/\" \/>\n<meta property=\"og:locale\" content=\"de_DE\" \/>\n<meta property=\"og:type\" content=\"article\" \/>\n<meta property=\"og:title\" content=\"Qualit\u00e4t - PIGRES LSP\" \/>\n<meta property=\"og:description\" content=\"Um die ausgezeichnete Qualit\u00e4t seiner Produkte zu gew\u00e4hrleisten, w\u00e4hlt unser Unternehmen seine Mitarbeiter sehr sorgf\u00e4ltig aus, indem es deren akademische Ausbildung, Erfahrung und Spezialisierungen bewertet.PIGRES LSP wendet bei der Auswahl seiner \u00dcbersetzer sehr strenge Kriterien an und bezieht sich nur auf die muttersprachlichen \u00dcbersetzer, die auf den Sektor spezialisiert sind, zu dem der zu \u00fcbersetzende Text geh\u00f6rt. Unsere professionellen \u00dcbersetzer \u00fcbersetzen ausschlie\u00dflich in ihre Muttersprache, mit Ausnahme einiger seltener Sprachen.Um die \u00dcbersetzungsarbeit gro\u00dfvolumiger Projekte noch effizienter gestalten, verwenden die PIGRES LSP Mitarbeiter die g\u00e4ngigsten CAT-Tools. Unsere \u00dcbersetzer erf\u00fcllen ihre Aufgaben mit Sorgfalt, indem sie die Kundenw\u00fcnsche, Abgabezeiten sowie andere\u00a0 Modalit\u00e4ten der Auftr\u00e4ge einhalten.Wir liefern unsere \u00dcbersetzungen schnell und p\u00fcnktlich. Zudem sind wir in der Lage auch in k\u00fcrzester Zeit \u00dcbersetzungen durchzuf\u00fchren. Der Preisaufschlag f\u00fcr dringende \u00dcbersetzungen wird selbstverst\u00e4ndlich vorher mit dem Kunden budgetiert.Jeder Auftrag wird einem Projekt-Manager zugewiesen, der f\u00fcr das \u00dcbersetzungsprojekt und dessen p\u00fcnktliche Ablieferung verantwortlich ist. Alle \u00dcbersetzungen unterliegen jedoch einer mindestens zweifachen Kontrolle. Das hei\u00dft, dass vor der endg\u00fcltigen Kundenlieferung jede \u00dcbersetzung ein zweites Mal auf wichtige Aspekte wie Rechtschreibung, Grammatik und Zeichensetzung \u00fcberpr\u00fcft wird.In einigen sensiblen Sektoren wie rechtliche Dokumente, Jahresabschl\u00fcssen, Vertr\u00e4ge, usw. ist eine zus\u00e4tzliche Qualit\u00e4tskontrolle der \u00dcbersetzungen anzuraten. PIGRES LSP bietet auf Wunsch des [&hellip;]\" \/>\n<meta property=\"og:url\" content=\"https:\/\/pigres-lsp.net\/de\/qualitat-der-dienstleistungen\/\" \/>\n<meta property=\"og:site_name\" content=\"PIGRES LSP\" \/>\n<meta property=\"article:modified_time\" content=\"2022-05-04T09:39:40+00:00\" \/>\n<meta property=\"og:image\" content=\"https:\/\/pigres-lsp.net\/wp-content\/uploads\/2019\/06\/translation-quality.png\" \/>\n\t<meta property=\"og:image:width\" content=\"200\" \/>\n\t<meta property=\"og:image:height\" content=\"200\" \/>\n\t<meta property=\"og:image:type\" content=\"image\/png\" \/>\n<meta name=\"twitter:card\" content=\"summary_large_image\" \/>\n<meta name=\"twitter:label1\" content=\"Gesch\u00e4tzte Lesezeit\" \/>\n\t<meta name=\"twitter:data1\" content=\"3\u00a0Minuten\" \/>\n<script type=\"application\/ld+json\" class=\"yoast-schema-graph\">{\"@context\":\"https:\\\/\\\/schema.org\",\"@graph\":[{\"@type\":\"WebPage\",\"@id\":\"https:\\\/\\\/pigres-lsp.net\\\/de\\\/qualitat-der-dienstleistungen\\\/\",\"url\":\"https:\\\/\\\/pigres-lsp.net\\\/de\\\/qualitat-der-dienstleistungen\\\/\",\"name\":\"Qualit\u00e4t - PIGRES LSP\",\"isPartOf\":{\"@id\":\"https:\\\/\\\/pigres-lsp.net\\\/de\\\/#website\"},\"primaryImageOfPage\":{\"@id\":\"https:\\\/\\\/pigres-lsp.net\\\/de\\\/qualitat-der-dienstleistungen\\\/#primaryimage\"},\"image\":{\"@id\":\"https:\\\/\\\/pigres-lsp.net\\\/de\\\/qualitat-der-dienstleistungen\\\/#primaryimage\"},\"thumbnailUrl\":\"https:\\\/\\\/pigres-lsp.net\\\/wp-content\\\/uploads\\\/2019\\\/06\\\/translation-quality.png\",\"datePublished\":\"2017-05-15T12:50:27+00:00\",\"dateModified\":\"2022-05-04T09:39:40+00:00\",\"breadcrumb\":{\"@id\":\"https:\\\/\\\/pigres-lsp.net\\\/de\\\/qualitat-der-dienstleistungen\\\/#breadcrumb\"},\"inLanguage\":\"de\",\"potentialAction\":[{\"@type\":\"ReadAction\",\"target\":[\"https:\\\/\\\/pigres-lsp.net\\\/de\\\/qualitat-der-dienstleistungen\\\/\"]}]},{\"@type\":\"ImageObject\",\"inLanguage\":\"de\",\"@id\":\"https:\\\/\\\/pigres-lsp.net\\\/de\\\/qualitat-der-dienstleistungen\\\/#primaryimage\",\"url\":\"https:\\\/\\\/pigres-lsp.net\\\/wp-content\\\/uploads\\\/2019\\\/06\\\/translation-quality.png\",\"contentUrl\":\"https:\\\/\\\/pigres-lsp.net\\\/wp-content\\\/uploads\\\/2019\\\/06\\\/translation-quality.png\",\"width\":200,\"height\":200},{\"@type\":\"BreadcrumbList\",\"@id\":\"https:\\\/\\\/pigres-lsp.net\\\/de\\\/qualitat-der-dienstleistungen\\\/#breadcrumb\",\"itemListElement\":[{\"@type\":\"ListItem\",\"position\":1,\"name\":\"Home\",\"item\":\"https:\\\/\\\/pigres-lsp.net\\\/de\\\/\"},{\"@type\":\"ListItem\",\"position\":2,\"name\":\"Qualit\u00e4t\"}]},{\"@type\":\"WebSite\",\"@id\":\"https:\\\/\\\/pigres-lsp.net\\\/de\\\/#website\",\"url\":\"https:\\\/\\\/pigres-lsp.net\\\/de\\\/\",\"name\":\"PIGRES LSP\",\"description\":\"PIGRES Language Service Provider\",\"publisher\":{\"@id\":\"https:\\\/\\\/pigres-lsp.net\\\/de\\\/#organization\"},\"alternateName\":\"PIGRES Language Service Provider\",\"potentialAction\":[{\"@type\":\"SearchAction\",\"target\":{\"@type\":\"EntryPoint\",\"urlTemplate\":\"https:\\\/\\\/pigres-lsp.net\\\/de\\\/?s={search_term_string}\"},\"query-input\":{\"@type\":\"PropertyValueSpecification\",\"valueRequired\":true,\"valueName\":\"search_term_string\"}}],\"inLanguage\":\"de\"},{\"@type\":\"Organization\",\"@id\":\"https:\\\/\\\/pigres-lsp.net\\\/de\\\/#organization\",\"name\":\"Pigres srl\",\"url\":\"https:\\\/\\\/pigres-lsp.net\\\/de\\\/\",\"logo\":{\"@type\":\"ImageObject\",\"inLanguage\":\"de\",\"@id\":\"https:\\\/\\\/pigres-lsp.net\\\/de\\\/#\\\/schema\\\/logo\\\/image\\\/\",\"url\":\"https:\\\/\\\/pigres-lsp.net\\\/wp-content\\\/uploads\\\/2021\\\/08\\\/pigres-lsp-logo.webp\",\"contentUrl\":\"https:\\\/\\\/pigres-lsp.net\\\/wp-content\\\/uploads\\\/2021\\\/08\\\/pigres-lsp-logo.webp\",\"width\":243,\"height\":67,\"caption\":\"Pigres srl\"},\"image\":{\"@id\":\"https:\\\/\\\/pigres-lsp.net\\\/de\\\/#\\\/schema\\\/logo\\\/image\\\/\"}}]}<\/script>\n<!-- \/ Yoast SEO Premium plugin. -->","yoast_head_json":{"title":"Qualit\u00e4t - PIGRES LSP","robots":{"index":"index","follow":"follow","max-snippet":"max-snippet:-1","max-image-preview":"max-image-preview:large","max-video-preview":"max-video-preview:-1"},"canonical":"https:\/\/pigres-lsp.net\/de\/qualitat-der-dienstleistungen\/","og_locale":"de_DE","og_type":"article","og_title":"Qualit\u00e4t - PIGRES LSP","og_description":"Um die ausgezeichnete Qualit\u00e4t seiner Produkte zu gew\u00e4hrleisten, w\u00e4hlt unser Unternehmen seine Mitarbeiter sehr sorgf\u00e4ltig aus, indem es deren akademische Ausbildung, Erfahrung und Spezialisierungen bewertet.PIGRES LSP wendet bei der Auswahl seiner \u00dcbersetzer sehr strenge Kriterien an und bezieht sich nur auf die muttersprachlichen \u00dcbersetzer, die auf den Sektor spezialisiert sind, zu dem der zu \u00fcbersetzende Text geh\u00f6rt. Unsere professionellen \u00dcbersetzer \u00fcbersetzen ausschlie\u00dflich in ihre Muttersprache, mit Ausnahme einiger seltener Sprachen.Um die \u00dcbersetzungsarbeit gro\u00dfvolumiger Projekte noch effizienter gestalten, verwenden die PIGRES LSP Mitarbeiter die g\u00e4ngigsten CAT-Tools. Unsere \u00dcbersetzer erf\u00fcllen ihre Aufgaben mit Sorgfalt, indem sie die Kundenw\u00fcnsche, Abgabezeiten sowie andere\u00a0 Modalit\u00e4ten der Auftr\u00e4ge einhalten.Wir liefern unsere \u00dcbersetzungen schnell und p\u00fcnktlich. Zudem sind wir in der Lage auch in k\u00fcrzester Zeit \u00dcbersetzungen durchzuf\u00fchren. Der Preisaufschlag f\u00fcr dringende \u00dcbersetzungen wird selbstverst\u00e4ndlich vorher mit dem Kunden budgetiert.Jeder Auftrag wird einem Projekt-Manager zugewiesen, der f\u00fcr das \u00dcbersetzungsprojekt und dessen p\u00fcnktliche Ablieferung verantwortlich ist. Alle \u00dcbersetzungen unterliegen jedoch einer mindestens zweifachen Kontrolle. Das hei\u00dft, dass vor der endg\u00fcltigen Kundenlieferung jede \u00dcbersetzung ein zweites Mal auf wichtige Aspekte wie Rechtschreibung, Grammatik und Zeichensetzung \u00fcberpr\u00fcft wird.In einigen sensiblen Sektoren wie rechtliche Dokumente, Jahresabschl\u00fcssen, Vertr\u00e4ge, usw. ist eine zus\u00e4tzliche Qualit\u00e4tskontrolle der \u00dcbersetzungen anzuraten. PIGRES LSP bietet auf Wunsch des [&hellip;]","og_url":"https:\/\/pigres-lsp.net\/de\/qualitat-der-dienstleistungen\/","og_site_name":"PIGRES LSP","article_modified_time":"2022-05-04T09:39:40+00:00","og_image":[{"width":200,"height":200,"url":"https:\/\/pigres-lsp.net\/wp-content\/uploads\/2019\/06\/translation-quality.png","type":"image\/png"}],"twitter_card":"summary_large_image","twitter_misc":{"Gesch\u00e4tzte Lesezeit":"3\u00a0Minuten"},"schema":{"@context":"https:\/\/schema.org","@graph":[{"@type":"WebPage","@id":"https:\/\/pigres-lsp.net\/de\/qualitat-der-dienstleistungen\/","url":"https:\/\/pigres-lsp.net\/de\/qualitat-der-dienstleistungen\/","name":"Qualit\u00e4t - PIGRES LSP","isPartOf":{"@id":"https:\/\/pigres-lsp.net\/de\/#website"},"primaryImageOfPage":{"@id":"https:\/\/pigres-lsp.net\/de\/qualitat-der-dienstleistungen\/#primaryimage"},"image":{"@id":"https:\/\/pigres-lsp.net\/de\/qualitat-der-dienstleistungen\/#primaryimage"},"thumbnailUrl":"https:\/\/pigres-lsp.net\/wp-content\/uploads\/2019\/06\/translation-quality.png","datePublished":"2017-05-15T12:50:27+00:00","dateModified":"2022-05-04T09:39:40+00:00","breadcrumb":{"@id":"https:\/\/pigres-lsp.net\/de\/qualitat-der-dienstleistungen\/#breadcrumb"},"inLanguage":"de","potentialAction":[{"@type":"ReadAction","target":["https:\/\/pigres-lsp.net\/de\/qualitat-der-dienstleistungen\/"]}]},{"@type":"ImageObject","inLanguage":"de","@id":"https:\/\/pigres-lsp.net\/de\/qualitat-der-dienstleistungen\/#primaryimage","url":"https:\/\/pigres-lsp.net\/wp-content\/uploads\/2019\/06\/translation-quality.png","contentUrl":"https:\/\/pigres-lsp.net\/wp-content\/uploads\/2019\/06\/translation-quality.png","width":200,"height":200},{"@type":"BreadcrumbList","@id":"https:\/\/pigres-lsp.net\/de\/qualitat-der-dienstleistungen\/#breadcrumb","itemListElement":[{"@type":"ListItem","position":1,"name":"Home","item":"https:\/\/pigres-lsp.net\/de\/"},{"@type":"ListItem","position":2,"name":"Qualit\u00e4t"}]},{"@type":"WebSite","@id":"https:\/\/pigres-lsp.net\/de\/#website","url":"https:\/\/pigres-lsp.net\/de\/","name":"PIGRES LSP","description":"PIGRES Language Service Provider","publisher":{"@id":"https:\/\/pigres-lsp.net\/de\/#organization"},"alternateName":"PIGRES Language Service Provider","potentialAction":[{"@type":"SearchAction","target":{"@type":"EntryPoint","urlTemplate":"https:\/\/pigres-lsp.net\/de\/?s={search_term_string}"},"query-input":{"@type":"PropertyValueSpecification","valueRequired":true,"valueName":"search_term_string"}}],"inLanguage":"de"},{"@type":"Organization","@id":"https:\/\/pigres-lsp.net\/de\/#organization","name":"Pigres srl","url":"https:\/\/pigres-lsp.net\/de\/","logo":{"@type":"ImageObject","inLanguage":"de","@id":"https:\/\/pigres-lsp.net\/de\/#\/schema\/logo\/image\/","url":"https:\/\/pigres-lsp.net\/wp-content\/uploads\/2021\/08\/pigres-lsp-logo.webp","contentUrl":"https:\/\/pigres-lsp.net\/wp-content\/uploads\/2021\/08\/pigres-lsp-logo.webp","width":243,"height":67,"caption":"Pigres srl"},"image":{"@id":"https:\/\/pigres-lsp.net\/de\/#\/schema\/logo\/image\/"}}]}},"_links":{"self":[{"href":"https:\/\/pigres-lsp.net\/de\/wp-json\/wp\/v2\/pages\/208582","targetHints":{"allow":["GET"]}}],"collection":[{"href":"https:\/\/pigres-lsp.net\/de\/wp-json\/wp\/v2\/pages"}],"about":[{"href":"https:\/\/pigres-lsp.net\/de\/wp-json\/wp\/v2\/types\/page"}],"author":[{"embeddable":true,"href":"https:\/\/pigres-lsp.net\/de\/wp-json\/wp\/v2\/users\/1"}],"replies":[{"embeddable":true,"href":"https:\/\/pigres-lsp.net\/de\/wp-json\/wp\/v2\/comments?post=208582"}],"version-history":[{"count":12,"href":"https:\/\/pigres-lsp.net\/de\/wp-json\/wp\/v2\/pages\/208582\/revisions"}],"predecessor-version":[{"id":279267,"href":"https:\/\/pigres-lsp.net\/de\/wp-json\/wp\/v2\/pages\/208582\/revisions\/279267"}],"wp:featuredmedia":[{"embeddable":true,"href":"https:\/\/pigres-lsp.net\/de\/wp-json\/wp\/v2\/media\/213508"}],"wp:attachment":[{"href":"https:\/\/pigres-lsp.net\/de\/wp-json\/wp\/v2\/media?parent=208582"}],"curies":[{"name":"wp","href":"https:\/\/api.w.org\/{rel}","templated":true}]}}